{"id":128,"date":"2025-11-07T07:56:14","date_gmt":"2025-11-07T07:56:14","guid":{"rendered":"https:\/\/amotive-jobs.com\/?page_id=128"},"modified":"2025-11-07T08:06:07","modified_gmt":"2025-11-07T08:06:07","slug":"starten","status":"publish","type":"page","link":"https:\/\/amotive-jobs.com\/index.php\/de\/starten\/","title":{"rendered":""},"content":{"rendered":"\t\t<div data-elementor-type=\"wp-page\" data-elementor-id=\"128\" class=\"elementor elementor-128\">\n\t\t\t\t<div class=\"elementor-element elementor-element-150de2d e-flex e-con-boxed e-con e-parent\" data-id=\"150de2d\" data-element_type=\"container\" data-settings=\"{&quot;background_background&quot;:&quot;classic&quot;}\">\n\t\t\t\t\t<div class=\"e-con-inner\">\n\t\t<div class=\"elementor-element elementor-element-25b3266 e-con-full e-flex e-con e-child\" data-id=\"25b3266\" data-element_type=\"container\">\n\t\t\t\t<div class=\"elementor-element elementor-element-155758b elementor-widget elementor-widget-heading\" data-id=\"155758b\" data-element_type=\"widget\" data-widget_type=\"heading.default\">\n\t\t\t\t\t<h2 class=\"elementor-heading-title elementor-size-default\">Talente und Arbeitgeber der Automobilindustrie verbinden<\/h2>\t\t\t\t<\/div>\n\t\t\t\t<\/div>\n\t\t<div class=\"elementor-element elementor-element-d97df3d e-con-full e-flex e-con e-child\" data-id=\"d97df3d\" data-element_type=\"container\">\n\t\t\t\t<div class=\"elementor-element elementor-element-23fd170 elementor-tablet-align-center elementor-widget elementor-widget-button\" data-id=\"23fd170\" data-element_type=\"widget\" data-widget_type=\"button.default\">\n\t\t\t\t\t\t\t\t\t\t<a class=\"elementor-button elementor-button-link elementor-size-sm\" href=\"#contactformhome\">\n\t\t\t\t\t\t<span class=\"elementor-button-content-wrapper\">\n\t\t\t\t\t\t\t\t\t<span class=\"elementor-button-text\"> Vernetzen Sie sich mit uns<\/span>\n\t\t\t\t\t<\/span>\n\t\t\t\t\t<\/a>\n\t\t\t\t\t\t\t\t<\/div>\n\t\t\t\t<\/div>\n\t\t\t\t\t<\/div>\n\t\t\t\t<\/div>\n\t\t<div class=\"elementor-element elementor-element-9268bd1 e-flex e-con-boxed e-con e-parent\" data-id=\"9268bd1\" data-element_type=\"container\">\n\t\t\t\t\t<div class=\"e-con-inner\">\n\t\t\t\t<div class=\"elementor-element elementor-element-a01a8fa elementor-widget-mobile__width-initial elementor-widget elementor-widget-text-editor\" data-id=\"a01a8fa\" data-element_type=\"widget\" data-widget_type=\"text-editor.default\">\n\t\t\t\t\t\t\t\t\t<p><strong>Finden Sie noch heute Ihren Automobilexperten!<\/strong><br \/>Wir sind darauf spezialisiert, Top-Talente mit f\u00fchrenden Unternehmen der Automobilindustrie zusammenzubringen. Ob Sie als qualifizierte Fachkraft den n\u00e4chsten Karriereschritt planen oder als Zulieferer die passende Expertise f\u00fcr Ihr Unternehmen suchen \u2013 wir bringen beide Seiten auf einer leistungsstarken Plattform zusammen.<\/p>\t\t\t\t\t\t\t\t<\/div>\n\t\t\t\t\t<\/div>\n\t\t\t\t<\/div>\n\t\t<div class=\"elementor-element elementor-element-07d1ec8 e-flex e-con-boxed e-con e-parent\" data-id=\"07d1ec8\" data-element_type=\"container\">\n\t\t\t\t\t<div class=\"e-con-inner\">\n\t\t\t\t<div class=\"elementor-element elementor-element-b365762 elementor-widget elementor-widget-image\" data-id=\"b365762\" data-element_type=\"widget\" data-widget_type=\"image.default\">\n\t\t\t\t\t\t\t\t\t\t\t\t\t\t\t<img fetchpriority=\"high\" decoding=\"async\" width=\"768\" height=\"512\" src=\"https:\/\/amotive-jobs.com\/wp-content\/uploads\/2025\/09\/imageprod-768x512.jpg\" class=\"attachment-medium_large size-medium_large wp-image-30\" alt=\"\" srcset=\"https:\/\/amotive-jobs.com\/wp-content\/uploads\/2025\/09\/imageprod-768x512.jpg 768w, https:\/\/amotive-jobs.com\/wp-content\/uploads\/2025\/09\/imageprod-300x200.jpg 300w, https:\/\/amotive-jobs.com\/wp-content\/uploads\/2025\/09\/imageprod-1024x683.jpg 1024w, https:\/\/amotive-jobs.com\/wp-content\/uploads\/2025\/09\/imageprod-1536x1024.jpg 1536w, https:\/\/amotive-jobs.com\/wp-content\/uploads\/2025\/09\/imageprod-2048x1366.jpg 2048w\" sizes=\"(max-width: 768px) 100vw, 768px\" \/>\t\t\t\t\t\t\t\t\t\t\t\t\t\t\t<\/div>\n\t\t\t\t\t<\/div>\n\t\t\t\t<\/div>\n\t\t<div class=\"elementor-element elementor-element-0836128 e-flex e-con-boxed e-con e-parent\" data-id=\"0836128\" data-element_type=\"container\">\n\t\t\t\t\t<div class=\"e-con-inner\">\n\t\t\t\t<div class=\"elementor-element elementor-element-9e9bf31 elementor-widget elementor-widget-heading\" data-id=\"9e9bf31\" data-element_type=\"widget\" data-widget_type=\"heading.default\">\n\t\t\t\t\t<h2 class=\"elementor-heading-title elementor-size-default\"><strong data-start=\"1093\" data-end=\"1134\">Stellen Sie die richtigen Talente mit Zuversicht ein<\/strong><\/h2>\t\t\t\t<\/div>\n\t\t\t\t\t<\/div>\n\t\t\t\t<\/div>\n\t\t<div class=\"elementor-element elementor-element-af81cbf e-flex e-con-boxed e-con e-parent\" data-id=\"af81cbf\" data-element_type=\"container\">\n\t\t\t\t\t<div class=\"e-con-inner\">\n\t\t<div class=\"elementor-element elementor-element-f8709ef e-con-full e-flex e-con e-child\" data-id=\"f8709ef\" data-element_type=\"container\">\n\t\t\t\t<div class=\"elementor-element elementor-element-49bc818 elementor-widget__width-initial elementor-widget elementor-widget-text-editor\" data-id=\"49bc818\" data-element_type=\"widget\" data-widget_type=\"text-editor.default\">\n\t\t\t\t\t\t\t\t\t<p><strong>Finden Sie die richtigen Talente \u2013 ganz einfach!<\/strong><br \/>Die Suche nach dem idealen Kandidaten muss nicht kompliziert sein. Wir bieten Zulieferern und Herstellern Zugang zu einem gro\u00dfen Netzwerk von Experten der Automobilbranche \u2013 von Ingenieuren bis hin zu Logistikspezialisten. Unser optimierter Prozess spart Zeit, senkt die Einstellungskosten und stellt sicher, dass Sie die perfekte Besetzung f\u00fcr Ihr Team finden.<\/p>\t\t\t\t\t\t\t\t<\/div>\n\t\t\t\t<\/div>\n\t\t<div class=\"elementor-element elementor-element-4610fa2 e-con-full e-flex e-con e-child\" data-id=\"4610fa2\" data-element_type=\"container\">\n\t\t\t\t<div class=\"elementor-element elementor-element-25a3c68 elementor-widget elementor-widget-image\" data-id=\"25a3c68\" data-element_type=\"widget\" data-widget_type=\"image.default\">\n\t\t\t\t\t\t\t\t\t\t\t\t\t\t\t<img decoding=\"async\" width=\"300\" height=\"300\" src=\"https:\/\/amotive-jobs.com\/wp-content\/uploads\/2025\/09\/job-4-300x300.png\" class=\"attachment-medium size-medium wp-image-35\" alt=\"\" srcset=\"https:\/\/amotive-jobs.com\/wp-content\/uploads\/2025\/09\/job-4-300x300.png 300w, https:\/\/amotive-jobs.com\/wp-content\/uploads\/2025\/09\/job-4-150x150.png 150w, https:\/\/amotive-jobs.com\/wp-content\/uploads\/2025\/09\/job-4.png 1024w\" sizes=\"(max-width: 300px) 100vw, 300px\" \/>\t\t\t\t\t\t\t\t\t\t\t\t\t\t\t<\/div>\n\t\t\t\t<\/div>\n\t\t\t\t\t<\/div>\n\t\t\t\t<\/div>\n\t\t<div class=\"elementor-element elementor-element-fae01cd e-con-full e-flex e-con e-parent\" data-id=\"fae01cd\" data-element_type=\"container\">\n\t\t\t\t<\/div>\n\t\t<div class=\"elementor-element elementor-element-feb3052 e-flex e-con-boxed e-con e-parent\" data-id=\"feb3052\" data-element_type=\"container\">\n\t\t\t\t\t<div class=\"e-con-inner\">\n\t\t\t\t<div class=\"elementor-element elementor-element-2caf27d elementor-widget elementor-widget-heading\" data-id=\"2caf27d\" data-element_type=\"widget\" data-widget_type=\"heading.default\">\n\t\t\t\t\t<h2 class=\"elementor-heading-title elementor-size-default\">Lass uns Kontakt aufnehmen!<\/h2>\t\t\t\t<\/div>\n\t\t\t\t\t<\/div>\n\t\t\t\t<\/div>\n\t\t<div class=\"elementor-element elementor-element-9c760e9 e-flex e-con-boxed e-con e-parent\" data-id=\"9c760e9\" data-element_type=\"container\">\n\t\t\t\t\t<div class=\"e-con-inner\">\n\t\t\t\t<div class=\"elementor-element elementor-element-8c0408e elementor-widget elementor-widget-shortcode\" data-id=\"8c0408e\" data-element_type=\"widget\" id=\"contactformhome\" data-widget_type=\"shortcode.default\">\n\t\t\t\t\t\t\t<div class=\"elementor-shortcode\">\n<div class=\"wpcf7 no-js\" id=\"wpcf7-f80-o1\" lang=\"en-US\" dir=\"ltr\" data-wpcf7-id=\"80\">\n<div class=\"screen-reader-response\"><p role=\"status\" aria-live=\"polite\" aria-atomic=\"true\"><\/p> <ul><\/ul><\/div>\n<form action=\"\/index.php\/wp-json\/wp\/v2\/pages\/128#wpcf7-f80-o1\" method=\"post\" class=\"wpcf7-form init\" aria-label=\"Contact form\" enctype=\"multipart\/form-data\" novalidate=\"novalidate\" data-status=\"init\">\n<fieldset class=\"hidden-fields-container\"><input type=\"hidden\" name=\"_wpcf7\" value=\"80\" \/><input type=\"hidden\" name=\"_wpcf7_version\" value=\"6.1.4\" \/><input type=\"hidden\" name=\"_wpcf7_locale\" value=\"en_US\" \/><input type=\"hidden\" name=\"_wpcf7_unit_tag\" value=\"wpcf7-f80-o1\" \/><input type=\"hidden\" name=\"_wpcf7_container_post\" value=\"0\" \/><input type=\"hidden\" name=\"_wpcf7_posted_data_hash\" value=\"\" \/>\n<\/fieldset>\n<p><label> Full Name *<br \/>\n<span class=\"wpcf7-form-control-wrap\" data-name=\"full-name\"><input size=\"40\" maxlength=\"400\" class=\"wpcf7-form-control wpcf7-text wpcf7-validates-as-required\" aria-required=\"true\" aria-invalid=\"false\" placeholder=\"Enter your full name\" value=\"\" type=\"text\" name=\"full-name\" \/><\/span><br \/>\n<\/label><br \/>\n<label> Email Address *<br \/>\n<span class=\"wpcf7-form-control-wrap\" data-name=\"email\"><input size=\"40\" maxlength=\"400\" class=\"wpcf7-form-control wpcf7-email wpcf7-validates-as-required wpcf7-text wpcf7-validates-as-email\" aria-required=\"true\" aria-invalid=\"false\" placeholder=\"example@email.com\" value=\"\" type=\"email\" name=\"email\" \/><\/span><br \/>\n<\/label><br \/>\n<label> Phone Number (optional)<br \/>\n<span class=\"wpcf7-form-control-wrap\" data-name=\"phone\"><input size=\"40\" maxlength=\"400\" class=\"wpcf7-form-control wpcf7-tel wpcf7-text wpcf7-validates-as-tel\" aria-invalid=\"false\" placeholder=\"+1 234 567 890\" value=\"\" type=\"tel\" name=\"phone\" \/><\/span><br \/>\n<\/label><br \/>\n<label> Position You\u2019re Applying For *<br \/>\n<span class=\"wpcf7-form-control-wrap\" data-name=\"position\"><input size=\"40\" maxlength=\"400\" class=\"wpcf7-form-control wpcf7-text wpcf7-validates-as-required\" aria-required=\"true\" aria-invalid=\"false\" placeholder=\"e.g. IT Specialist\" value=\"\" type=\"text\" name=\"position\" \/><\/span><br \/>\n<\/label><br \/>\n<label> Message<br \/>\n<span class=\"wpcf7-form-control-wrap\" data-name=\"message\"><textarea cols=\"40\" rows=\"10\" maxlength=\"2000\" class=\"wpcf7-form-control wpcf7-textarea\" aria-invalid=\"false\" placeholder=\"Write a brief introduction about yourself...\" name=\"message\"><\/textarea><\/span><br \/>\n<\/label><br \/>\n<label> Upload Your CV (PDF or Word) *<br \/>\n<span class=\"wpcf7-form-control-wrap\" data-name=\"cv\"><input size=\"40\" class=\"wpcf7-form-control wpcf7-file wpcf7-validates-as-required\" accept=\".pdf,.doc,.docx\" aria-required=\"true\" aria-invalid=\"false\" type=\"file\" name=\"cv\" \/><\/span><br \/>\n<\/label>\n<\/p>\n<p><input class=\"wpcf7-form-control wpcf7-submit has-spinner\" type=\"submit\" value=\"Submit Application\" \/>\n<\/p><div class=\"wpcf7-response-output\" aria-hidden=\"true\"><\/div>\n<\/form>\n<\/div>\n<\/div>\n\t\t\t\t\t\t<\/div>\n\t\t\t\t\t<\/div>\n\t\t\t\t<\/div>\n\t\t\t\t<\/div>\n\t\t","protected":false},"excerpt":{"rendered":"<p>Talente und Arbeitgeber der Automobilindustrie verbinden Vernetzen Sie sich mit uns Finden Sie noch heute Ihren Automobilexperten!Wir sind darauf spezialisiert, [&hellip;]<\/p>\n","protected":false},"author":1,"featured_media":0,"parent":0,"menu_order":0,"comment_status":"closed","ping_status":"closed","template":"","meta":{"site-sidebar-layout":"no-sidebar","site-content-layout":"","ast-site-content-layout":"full-width-container","site-content-style":"default","site-sidebar-style":"default","ast-global-header-display":"","ast-banner-title-visibility":"","ast-main-header-display":"","ast-hfb-above-header-display":"","ast-hfb-below-header-display":"","ast-hfb-mobile-header-display":"","site-post-title":"","ast-breadcrumbs-content":"","ast-featured-img":"disabled","footer-sml-layout":"","theme-transparent-header-meta":"","adv-header-id-meta":"","stick-header-meta":"","header-above-stick-meta":"","header-main-stick-meta":"","header-below-stick-meta":"","astra-migrate-meta-layouts":"default","ast-page-background-enabled":"default","ast-page-background-meta":{"desktop":{"background-color":"var(--ast-global-color-5)","background-image":"","background-repeat":"repeat","background-position":"center center","background-size":"auto","background-attachment":"scroll","background-type":"","background-media":"","overlay-type":"","overlay-color":"","overlay-opacity":"","overlay-gradient":""},"tablet":{"background-color":"","background-image":"","background-repeat":"repeat","background-position":"center center","background-size":"auto","background-attachment":"scroll","background-type":"","background-media":"","overlay-type":"","overlay-color":"","overlay-opacity":"","overlay-gradient":""},"mobile":{"background-color":"","background-image":"","background-repeat":"repeat","background-position":"center center","background-size":"auto","background-attachment":"scroll","background-type":"","background-media":"","overlay-type":"","overlay-color":"","overlay-opacity":"","overlay-gradient":""}},"ast-content-background-meta":{"desktop":{"background-color":"var(--ast-global-color-4)","background-image":"","background-repeat":"repeat","background-position":"center center","background-size":"auto","background-attachment":"scroll","background-type":"","background-media":"","overlay-type":"","overlay-color":"","overlay-opacity":"","overlay-gradient":""},"tablet":{"background-color":"var(--ast-global-color-4)","background-image":"","background-repeat":"repeat","background-position":"center center","background-size":"auto","background-attachment":"scroll","background-type":"","background-media":"","overlay-type":"","overlay-color":"","overlay-opacity":"","overlay-gradient":""},"mobile":{"background-color":"var(--ast-global-color-4)","background-image":"","background-repeat":"repeat","background-position":"center center","background-size":"auto","background-attachment":"scroll","background-type":"","background-media":"","overlay-type":"","overlay-color":"","overlay-opacity":"","overlay-gradient":""}},"footnotes":""},"class_list":["post-128","page","type-page","status-publish","hentry"],"_links":{"self":[{"href":"https:\/\/amotive-jobs.com\/index.php\/wp-json\/wp\/v2\/pages\/128","targetHints":{"allow":["GET"]}}],"collection":[{"href":"https:\/\/amotive-jobs.com\/index.php\/wp-json\/wp\/v2\/pages"}],"about":[{"href":"https:\/\/amotive-jobs.com\/index.php\/wp-json\/wp\/v2\/types\/page"}],"author":[{"embeddable":true,"href":"https:\/\/amotive-jobs.com\/index.php\/wp-json\/wp\/v2\/users\/1"}],"replies":[{"embeddable":true,"href":"https:\/\/amotive-jobs.com\/index.php\/wp-json\/wp\/v2\/comments?post=128"}],"version-history":[{"count":5,"href":"https:\/\/amotive-jobs.com\/index.php\/wp-json\/wp\/v2\/pages\/128\/revisions"}],"predecessor-version":[{"id":139,"href":"https:\/\/amotive-jobs.com\/index.php\/wp-json\/wp\/v2\/pages\/128\/revisions\/139"}],"wp:attachment":[{"href":"https:\/\/amotive-jobs.com\/index.php\/wp-json\/wp\/v2\/media?parent=128"}],"curies":[{"name":"wp","href":"https:\/\/api.w.org\/{rel}","templated":true}]}}